{"id":2701,"date":"2025-06-01T05:47:56","date_gmt":"2025-06-01T05:47:56","guid":{"rendered":"https:\/\/yuragichayaquynhon.com\/%e3%83%8b%e3%83%a5%e3%83%bc%e3%82%b9\/"},"modified":"2025-07-15T06:31:12","modified_gmt":"2025-07-15T06:31:12","slug":"%e3%83%8b%e3%83%a5%e3%83%bc%e3%82%b9","status":"publish","type":"page","link":"https:\/\/yuragichayaquynhon.com\/ja\/%e3%83%8b%e3%83%a5%e3%83%bc%e3%82%b9\/","title":{"rendered":"\u30cb\u30e5\u30fc\u30b9"},"content":{"rendered":"\t<section class=\"section\" id=\"section_1522377730\">\n\t\t<div class=\"bg section-bg fill bg-fill  \" >\n\n\t\t\t\n\t\t\t<div class=\"section-bg-overlay absolute fill\"><\/div>\n\t\t\t\n\n\t\t<\/div>\n\n\t\t\n\n\t\t<div class=\"section-content relative\">\n\t\t\t\n<div class=\"row align-center\"  id=\"row-1487332522\">\n\n\t<div id=\"col-895764182\" class=\"col medium-7 small-12 large-7\"  >\n\t\t\t\t<div class=\"col-inner\"  >\n\t\t\t\n\t\t\t\n\t<div id=\"gap-41410052\" class=\"gap-element clearfix\" style=\"display:block; height:auto;\">\n\t\t\n<style>\n#gap-41410052 {\n  padding-top: 150px;\n}\n<\/style>\n\t<\/div>\n\t\n\t<div id=\"gap-489206029\" class=\"gap-element clearfix\" style=\"display:block; height:auto;\">\n\t\t\n<style>\n#gap-489206029 {\n  padding-top: 180px;\n}\n<\/style>\n\t<\/div>\n\t\n\t\t<\/div>\n\t\t\t\t\t<\/div>\n\n\t\n<\/div>\n\t\t<\/div>\n\n\t\t\n<style>\n#section_1522377730 {\n  padding-top: 30px;\n  padding-bottom: 30px;\n}\n#section_1522377730 .section-bg-overlay {\n  background-color: rgba(0, 0, 0, 0.244);\n}\n#section_1522377730 .section-bg.bg-loaded {\n  background-image: url(https:\/\/yuragichayaquynhon.com\/wp-content\/uploads\/2025\/05\/yuragi16.jpg);\n}\n#section_1522377730 .section-bg {\n  background-position: 100%60%;\n}\n<\/style>\n\t<\/section>\n\t\n\n\t<section class=\"section ssthanhvien\" id=\"section_393777563\">\n\t\t<div class=\"bg section-bg fill bg-fill  bg-loaded\" >\n\n\t\t\t\n\t\t\t\n\t\t\t\n\n\t\t<\/div>\n\n\t\t\n\n\t\t<div class=\"section-content relative\">\n\t\t\t\n<div class=\"row align-center\"  id=\"row-822894158\">\n\n\t<div id=\"col-587778008\" class=\"col small-12 large-12\"  >\n\t\t\t\t<div class=\"col-inner\"  >\n\t\t\t\n\t\t\t\n\n  \n    <div class=\"row tintuc large-columns-3 medium-columns-1 small-columns-1 row-small\" >\n  <div class=\"col post-item\" >\n\t\t\t<div class=\"col-inner\">\n\t\t\t\t<div class=\"box box-normal box-text-bottom box-blog-post has-hover\">\n            \t\t\t\t\t<div class=\"box-image\" >\n  \t\t\t\t\t\t<div class=\"image-cover\" style=\"padding-top:55%;\">\n\t\t\t\t\t\t\t<a href=\"https:\/\/yuragichayaquynhon.com\/ja\/yuragi-chaya%ef%bc%88%e3%83%a6%e3%83%a9%e3%82%ae%e8%8c%b6%e5%b1%8b%ef%bc%89%e2%80%95-quy-nhon%e3%81%ab%e6%96%b0%e3%81%97%e3%81%8f%e7%99%bb%e5%a0%b4%e3%81%97%e3%81%9f%e6%97%a5%e6%9c%ac%e9%a2%a8\/\" class=\"plain\" aria-label=\"Yuragi Chaya\uff08\u30e6\u30e9\u30ae\u8336\u5c4b\uff09\u2015 Quy Nhon\u306b\u65b0\u3057\u304f\u767b\u5834\u3057\u305f\u65e5\u672c\u98a8\u30ea\u30be\u30fc\u30c8\">\n\t\t\t\t\t\t\t\t<img loading=\"lazy\" decoding=\"async\" width=\"2048\" height=\"1640\" src=\"https:\/\/yuragichayaquynhon.com\/wp-content\/uploads\/2025\/05\/yuragi16.jpg\" class=\"attachment-original size-original wp-post-image\" alt=\"\" srcset=\"https:\/\/yuragichayaquynhon.com\/wp-content\/uploads\/2025\/05\/yuragi16.jpg 2048w, https:\/\/yuragichayaquynhon.com\/wp-content\/uploads\/2025\/05\/yuragi16-300x240.jpg 300w, https:\/\/yuragichayaquynhon.com\/wp-content\/uploads\/2025\/05\/yuragi16-1024x820.jpg 1024w, https:\/\/yuragichayaquynhon.com\/wp-content\/uploads\/2025\/05\/yuragi16-768x615.jpg 768w, https:\/\/yuragichayaquynhon.com\/wp-content\/uploads\/2025\/05\/yuragi16-1536x1230.jpg 1536w\" sizes=\"auto, (max-width: 2048px) 100vw, 2048px\" \/>\t\t\t\t\t\t\t<\/a>\n  \t\t\t\t\t\t\t  \t\t\t\t\t\t\t  \t\t\t\t\t\t<\/div>\n  \t\t\t\t\t\t  \t\t\t\t\t<\/div>\n          \t\t\t\t\t<div class=\"box-text text-center\" >\n\t\t\t\t\t<div class=\"box-text-inner blog-post-inner\">\n\n\t\t\t\t\t\n\t\t\t\t\t\t\t\t\t\t<h5 class=\"post-title is-large \">\n\t\t\t\t\t\t<a href=\"https:\/\/yuragichayaquynhon.com\/ja\/yuragi-chaya%ef%bc%88%e3%83%a6%e3%83%a9%e3%82%ae%e8%8c%b6%e5%b1%8b%ef%bc%89%e2%80%95-quy-nhon%e3%81%ab%e6%96%b0%e3%81%97%e3%81%8f%e7%99%bb%e5%a0%b4%e3%81%97%e3%81%9f%e6%97%a5%e6%9c%ac%e9%a2%a8\/\" class=\"plain\">Yuragi Chaya\uff08\u30e6\u30e9\u30ae\u8336\u5c4b\uff09\u2015 Quy Nhon\u306b\u65b0\u3057\u304f\u767b\u5834\u3057\u305f\u65e5\u672c\u98a8\u30ea\u30be\u30fc\u30c8<\/a>\n\t\t\t\t\t<\/h5>\n\t\t\t\t\t\t\t\t\t\t<div class=\"is-divider\"><\/div>\n\t\t\t\t\t\t\t\t\t\t<p class=\"from_the_blog_excerpt \">\n\t\t\t\t\t\t\u6d77\u306e\u8857Quy Nh\u01a1n\u306f\u3001\u305d\u306e [...]\t\t\t\t\t<\/p>\n\t\t\t\t\t                    \n\t\t\t\t\t\n\t\t\t\t\t\n\t\t\t\t\t<\/div>\n\t\t\t\t\t<\/div>\n\t\t\t\t\t\t\t\t\t<\/div>\n\t\t\t<\/div>\n\t\t<\/div><div class=\"col post-item\" >\n\t\t\t<div class=\"col-inner\">\n\t\t\t\t<div class=\"box box-normal box-text-bottom box-blog-post has-hover\">\n            \t\t\t\t\t<div class=\"box-image\" >\n  \t\t\t\t\t\t<div class=\"image-cover\" style=\"padding-top:55%;\">\n\t\t\t\t\t\t\t<a href=\"https:\/\/yuragichayaquynhon.com\/ja\/%e6%b5%b4%e8%a1%a3%e5%86%99%e7%9c%9f%e6%92%ae%e5%bd%b1%e3%82%a2%e3%82%af%e3%83%86%e3%82%a3%e3%83%93%e3%83%86%e3%82%a3-%e3%82%af%e3%82%a4%e3%83%8b%e3%83%a7%e3%83%b3%e3%81%ae%e4%b8%ad%e5%bf%83\/\" class=\"plain\" aria-label=\"\u6d74\u8863\u5199\u771f\u64ae\u5f71\u30a2\u30af\u30c6\u30a3\u30d3\u30c6\u30a3 \u2013 \u30af\u30a4\u30cb\u30e7\u30f3\u306e\u4e2d\u5fc3\u90e8\u3067\u65e5\u672c\u306e\u5973\u306e\u5b50\u306b\u5909\u8eab\">\n\t\t\t\t\t\t\t\t<img loading=\"lazy\" decoding=\"async\" width=\"1152\" height=\"768\" src=\"https:\/\/yuragichayaquynhon.com\/wp-content\/uploads\/2025\/05\/DSC05065.jpeg\" class=\"attachment-original size-original wp-post-image\" alt=\"\" srcset=\"https:\/\/yuragichayaquynhon.com\/wp-content\/uploads\/2025\/05\/DSC05065.jpeg 1152w, https:\/\/yuragichayaquynhon.com\/wp-content\/uploads\/2025\/05\/DSC05065-300x200.jpeg 300w, https:\/\/yuragichayaquynhon.com\/wp-content\/uploads\/2025\/05\/DSC05065-1024x683.jpeg 1024w, https:\/\/yuragichayaquynhon.com\/wp-content\/uploads\/2025\/05\/DSC05065-768x512.jpeg 768w\" sizes=\"auto, (max-width: 1152px) 100vw, 1152px\" \/>\t\t\t\t\t\t\t<\/a>\n  \t\t\t\t\t\t\t  \t\t\t\t\t\t\t  \t\t\t\t\t\t<\/div>\n  \t\t\t\t\t\t  \t\t\t\t\t<\/div>\n          \t\t\t\t\t<div class=\"box-text text-center\" >\n\t\t\t\t\t<div class=\"box-text-inner blog-post-inner\">\n\n\t\t\t\t\t\n\t\t\t\t\t\t\t\t\t\t<h5 class=\"post-title is-large \">\n\t\t\t\t\t\t<a href=\"https:\/\/yuragichayaquynhon.com\/ja\/%e6%b5%b4%e8%a1%a3%e5%86%99%e7%9c%9f%e6%92%ae%e5%bd%b1%e3%82%a2%e3%82%af%e3%83%86%e3%82%a3%e3%83%93%e3%83%86%e3%82%a3-%e3%82%af%e3%82%a4%e3%83%8b%e3%83%a7%e3%83%b3%e3%81%ae%e4%b8%ad%e5%bf%83\/\" class=\"plain\">\u6d74\u8863\u5199\u771f\u64ae\u5f71\u30a2\u30af\u30c6\u30a3\u30d3\u30c6\u30a3 \u2013 \u30af\u30a4\u30cb\u30e7\u30f3\u306e\u4e2d\u5fc3\u90e8\u3067\u65e5\u672c\u306e\u5973\u306e\u5b50\u306b\u5909\u8eab<\/a>\n\t\t\t\t\t<\/h5>\n\t\t\t\t\t\t\t\t\t\t<div class=\"is-divider\"><\/div>\n\t\t\t\t\t\t\t\t\t\t<p class=\"from_the_blog_excerpt \">\n\t\t\t\t\t\tYuragi Chaya \u3067\u7d76 [...]\t\t\t\t\t<\/p>\n\t\t\t\t\t                    \n\t\t\t\t\t\n\t\t\t\t\t\n\t\t\t\t\t<\/div>\n\t\t\t\t\t<\/div>\n\t\t\t\t\t\t\t\t\t<\/div>\n\t\t\t<\/div>\n\t\t<\/div><div class=\"col post-item\" >\n\t\t\t<div class=\"col-inner\">\n\t\t\t\t<div class=\"box box-normal box-text-bottom box-blog-post has-hover\">\n            \t\t\t\t\t<div class=\"box-image\" >\n  \t\t\t\t\t\t<div class=\"image-cover\" style=\"padding-top:55%;\">\n\t\t\t\t\t\t\t<a href=\"https:\/\/yuragichayaquynhon.com\/ja\/%e3%80%8cyuragi-chaya-quy-nhon%e3%80%8d%e3%81%a7%e6%b8%a9%e6%b3%89%e4%bd%93%e9%a8%93%e3%82%92%e3%81%99%e3%82%8b%e3%83%a1%e3%83%aa%e3%83%83%e3%83%88\/\" class=\"plain\" aria-label=\"\u300cYuragi Chaya Quy Nhon\u300d\u3067\u6e29\u6cc9\u4f53\u9a13\u3092\u3059\u308b\u30e1\u30ea\u30c3\u30c8\">\n\t\t\t\t\t\t\t\t<img loading=\"lazy\" decoding=\"async\" width=\"1640\" height=\"2048\" src=\"https:\/\/yuragichayaquynhon.com\/wp-content\/uploads\/2025\/05\/yuragi13.jpg\" class=\"attachment-original size-original wp-post-image\" alt=\"\" srcset=\"https:\/\/yuragichayaquynhon.com\/wp-content\/uploads\/2025\/05\/yuragi13.jpg 1640w, https:\/\/yuragichayaquynhon.com\/wp-content\/uploads\/2025\/05\/yuragi13-240x300.jpg 240w, https:\/\/yuragichayaquynhon.com\/wp-content\/uploads\/2025\/05\/yuragi13-820x1024.jpg 820w, https:\/\/yuragichayaquynhon.com\/wp-content\/uploads\/2025\/05\/yuragi13-768x959.jpg 768w, https:\/\/yuragichayaquynhon.com\/wp-content\/uploads\/2025\/05\/yuragi13-1230x1536.jpg 1230w\" sizes=\"auto, (max-width: 1640px) 100vw, 1640px\" \/>\t\t\t\t\t\t\t<\/a>\n  \t\t\t\t\t\t\t  \t\t\t\t\t\t\t  \t\t\t\t\t\t<\/div>\n  \t\t\t\t\t\t  \t\t\t\t\t<\/div>\n          \t\t\t\t\t<div class=\"box-text text-center\" >\n\t\t\t\t\t<div class=\"box-text-inner blog-post-inner\">\n\n\t\t\t\t\t\n\t\t\t\t\t\t\t\t\t\t<h5 class=\"post-title is-large \">\n\t\t\t\t\t\t<a href=\"https:\/\/yuragichayaquynhon.com\/ja\/%e3%80%8cyuragi-chaya-quy-nhon%e3%80%8d%e3%81%a7%e6%b8%a9%e6%b3%89%e4%bd%93%e9%a8%93%e3%82%92%e3%81%99%e3%82%8b%e3%83%a1%e3%83%aa%e3%83%83%e3%83%88\/\" class=\"plain\">\u300cYuragi Chaya Quy Nhon\u300d\u3067\u6e29\u6cc9\u4f53\u9a13\u3092\u3059\u308b\u30e1\u30ea\u30c3\u30c8<\/a>\n\t\t\t\t\t<\/h5>\n\t\t\t\t\t\t\t\t\t\t<div class=\"is-divider\"><\/div>\n\t\t\t\t\t\t\t\t\t\t<p class=\"from_the_blog_excerpt \">\n\t\t\t\t\t\tYuragi Chaya Qu [...]\t\t\t\t\t<\/p>\n\t\t\t\t\t                    \n\t\t\t\t\t\n\t\t\t\t\t\n\t\t\t\t\t<\/div>\n\t\t\t\t\t<\/div>\n\t\t\t\t\t\t\t\t\t<\/div>\n\t\t\t<\/div>\n\t\t<\/div><div class=\"col post-item\" >\n\t\t\t<div class=\"col-inner\">\n\t\t\t\t<div class=\"box box-normal box-text-bottom box-blog-post has-hover\">\n            \t\t\t\t\t<div class=\"box-image\" >\n  \t\t\t\t\t\t<div class=\"image-cover\" style=\"padding-top:55%;\">\n\t\t\t\t\t\t\t<a href=\"https:\/\/yuragichayaquynhon.com\/ja\/%e3%80%8cyuragi-chaya-quy-nhon%e3%80%8d%e6%8e%a2%e8%a8%aa%e3%81%ae%e4%bd%93%e9%a8%93%e8%a8%98\/\" class=\"plain\" aria-label=\"\u300cYuragi Chaya Quy Nhon\u300d\u63a2\u8a2a\u306e\u4f53\u9a13\u8a18\">\n\t\t\t\t\t\t\t\t<img loading=\"lazy\" decoding=\"async\" width=\"1640\" height=\"2048\" src=\"https:\/\/yuragichayaquynhon.com\/wp-content\/uploads\/2025\/05\/yuragi6.jpg\" class=\"attachment-original size-original wp-post-image\" alt=\"\" srcset=\"https:\/\/yuragichayaquynhon.com\/wp-content\/uploads\/2025\/05\/yuragi6.jpg 1640w, https:\/\/yuragichayaquynhon.com\/wp-content\/uploads\/2025\/05\/yuragi6-240x300.jpg 240w, https:\/\/yuragichayaquynhon.com\/wp-content\/uploads\/2025\/05\/yuragi6-820x1024.jpg 820w, https:\/\/yuragichayaquynhon.com\/wp-content\/uploads\/2025\/05\/yuragi6-768x959.jpg 768w, https:\/\/yuragichayaquynhon.com\/wp-content\/uploads\/2025\/05\/yuragi6-1230x1536.jpg 1230w\" sizes=\"auto, (max-width: 1640px) 100vw, 1640px\" \/>\t\t\t\t\t\t\t<\/a>\n  \t\t\t\t\t\t\t  \t\t\t\t\t\t\t  \t\t\t\t\t\t<\/div>\n  \t\t\t\t\t\t  \t\t\t\t\t<\/div>\n          \t\t\t\t\t<div class=\"box-text text-center\" >\n\t\t\t\t\t<div class=\"box-text-inner blog-post-inner\">\n\n\t\t\t\t\t\n\t\t\t\t\t\t\t\t\t\t<h5 class=\"post-title is-large \">\n\t\t\t\t\t\t<a href=\"https:\/\/yuragichayaquynhon.com\/ja\/%e3%80%8cyuragi-chaya-quy-nhon%e3%80%8d%e6%8e%a2%e8%a8%aa%e3%81%ae%e4%bd%93%e9%a8%93%e8%a8%98\/\" class=\"plain\">\u300cYuragi Chaya Quy Nhon\u300d\u63a2\u8a2a\u306e\u4f53\u9a13\u8a18<\/a>\n\t\t\t\t\t<\/h5>\n\t\t\t\t\t\t\t\t\t\t<div class=\"is-divider\"><\/div>\n\t\t\t\t\t\t\t\t\t\t<p class=\"from_the_blog_excerpt \">\n\t\t\t\t\t\tYURAGI CHAYA QU [...]\t\t\t\t\t<\/p>\n\t\t\t\t\t                    \n\t\t\t\t\t\n\t\t\t\t\t\n\t\t\t\t\t<\/div>\n\t\t\t\t\t<\/div>\n\t\t\t\t\t\t\t\t\t<\/div>\n\t\t\t<\/div>\n\t\t<\/div><div class=\"col post-item\" >\n\t\t\t<div class=\"col-inner\">\n\t\t\t\t<div class=\"box box-normal box-text-bottom box-blog-post has-hover\">\n            \t\t\t\t\t<div class=\"box-image\" >\n  \t\t\t\t\t\t<div class=\"image-cover\" style=\"padding-top:55%;\">\n\t\t\t\t\t\t\t<a href=\"https:\/\/yuragichayaquynhon.com\/ja\/%e3%82%86%e3%82%89%e3%81%8e%e7%94%ba%e3%82%92%e8%a8%aa%e5%95%8f%e4%b8%ad%e3%81%ae%e6%97%a5%e6%9c%ac%e5%9b%bd%e7%b7%8f%e9%a0%98%e4%ba%8b%e5%a4%ab%e5%a6%bb\/\" class=\"plain\" aria-label=\"\u3086\u3089\u304e\u753a\u3092\u8a2a\u554f\u4e2d\u306e\u65e5\u672c\u56fd\u7dcf\u9818\u4e8b\u592b\u59bb\">\n\t\t\t\t\t\t\t\t<img loading=\"lazy\" decoding=\"async\" width=\"719\" height=\"1048\" src=\"https:\/\/yuragichayaquynhon.com\/wp-content\/uploads\/2025\/05\/IMG_5553.jpg\" class=\"attachment-original size-original wp-post-image\" alt=\"\" srcset=\"https:\/\/yuragichayaquynhon.com\/wp-content\/uploads\/2025\/05\/IMG_5553.jpg 719w, https:\/\/yuragichayaquynhon.com\/wp-content\/uploads\/2025\/05\/IMG_5553-206x300.jpg 206w, https:\/\/yuragichayaquynhon.com\/wp-content\/uploads\/2025\/05\/IMG_5553-703x1024.jpg 703w\" sizes=\"auto, (max-width: 719px) 100vw, 719px\" \/>\t\t\t\t\t\t\t<\/a>\n  \t\t\t\t\t\t\t  \t\t\t\t\t\t\t  \t\t\t\t\t\t<\/div>\n  \t\t\t\t\t\t  \t\t\t\t\t<\/div>\n          \t\t\t\t\t<div class=\"box-text text-center\" >\n\t\t\t\t\t<div class=\"box-text-inner blog-post-inner\">\n\n\t\t\t\t\t\n\t\t\t\t\t\t\t\t\t\t<h5 class=\"post-title is-large \">\n\t\t\t\t\t\t<a href=\"https:\/\/yuragichayaquynhon.com\/ja\/%e3%82%86%e3%82%89%e3%81%8e%e7%94%ba%e3%82%92%e8%a8%aa%e5%95%8f%e4%b8%ad%e3%81%ae%e6%97%a5%e6%9c%ac%e5%9b%bd%e7%b7%8f%e9%a0%98%e4%ba%8b%e5%a4%ab%e5%a6%bb\/\" class=\"plain\">\u3086\u3089\u304e\u753a\u3092\u8a2a\u554f\u4e2d\u306e\u65e5\u672c\u56fd\u7dcf\u9818\u4e8b\u592b\u59bb<\/a>\n\t\t\t\t\t<\/h5>\n\t\t\t\t\t\t\t\t\t\t<div class=\"is-divider\"><\/div>\n\t\t\t\t\t\t\t\t\t\t<p class=\"from_the_blog_excerpt \">\n\t\t\t\t\t\t2025\u5e744\u67087\u65e5\u3001\u3086\u3089\u304e\u8336\u5c4b [...]\t\t\t\t\t<\/p>\n\t\t\t\t\t                    \n\t\t\t\t\t\n\t\t\t\t\t\n\t\t\t\t\t<\/div>\n\t\t\t\t\t<\/div>\n\t\t\t\t\t\t\t\t\t<\/div>\n\t\t\t<\/div>\n\t\t<\/div><div class=\"col post-item\" >\n\t\t\t<div class=\"col-inner\">\n\t\t\t\t<div class=\"box box-normal box-text-bottom box-blog-post has-hover\">\n            \t\t\t\t\t<div class=\"box-image\" >\n  \t\t\t\t\t\t<div class=\"image-cover\" style=\"padding-top:55%;\">\n\t\t\t\t\t\t\t<a href=\"https:\/\/yuragichayaquynhon.com\/ja\/%e3%82%af%e3%82%a4%e3%83%8b%e3%83%a7%e3%83%b3%e3%80%8cyuragi-chaya%e3%80%8d%e3%81%ae%e5%90%8d%e5%89%8d%e3%81%ae%e6%84%8f%e5%91%b3%e3%82%92%e7%9f%a5%e3%82%8b\/\" class=\"plain\" aria-label=\"\u30af\u30a4\u30cb\u30e7\u30f3\u300cYuragi Chaya\u300d\u306e\u540d\u524d\u306e\u610f\u5473\u3092\u77e5\u308b\">\n\t\t\t\t\t\t\t\t<img loading=\"lazy\" decoding=\"async\" width=\"1640\" height=\"2048\" src=\"https:\/\/yuragichayaquynhon.com\/wp-content\/uploads\/2025\/05\/yuragi23.jpg\" class=\"attachment-original size-original wp-post-image\" alt=\"\" srcset=\"https:\/\/yuragichayaquynhon.com\/wp-content\/uploads\/2025\/05\/yuragi23.jpg 1640w, https:\/\/yuragichayaquynhon.com\/wp-content\/uploads\/2025\/05\/yuragi23-240x300.jpg 240w, https:\/\/yuragichayaquynhon.com\/wp-content\/uploads\/2025\/05\/yuragi23-820x1024.jpg 820w, https:\/\/yuragichayaquynhon.com\/wp-content\/uploads\/2025\/05\/yuragi23-768x959.jpg 768w, https:\/\/yuragichayaquynhon.com\/wp-content\/uploads\/2025\/05\/yuragi23-1230x1536.jpg 1230w\" sizes=\"auto, (max-width: 1640px) 100vw, 1640px\" \/>\t\t\t\t\t\t\t<\/a>\n  \t\t\t\t\t\t\t  \t\t\t\t\t\t\t  \t\t\t\t\t\t<\/div>\n  \t\t\t\t\t\t  \t\t\t\t\t<\/div>\n          \t\t\t\t\t<div class=\"box-text text-center\" >\n\t\t\t\t\t<div class=\"box-text-inner blog-post-inner\">\n\n\t\t\t\t\t\n\t\t\t\t\t\t\t\t\t\t<h5 class=\"post-title is-large \">\n\t\t\t\t\t\t<a href=\"https:\/\/yuragichayaquynhon.com\/ja\/%e3%82%af%e3%82%a4%e3%83%8b%e3%83%a7%e3%83%b3%e3%80%8cyuragi-chaya%e3%80%8d%e3%81%ae%e5%90%8d%e5%89%8d%e3%81%ae%e6%84%8f%e5%91%b3%e3%82%92%e7%9f%a5%e3%82%8b\/\" class=\"plain\">\u30af\u30a4\u30cb\u30e7\u30f3\u300cYuragi Chaya\u300d\u306e\u540d\u524d\u306e\u610f\u5473\u3092\u77e5\u308b<\/a>\n\t\t\t\t\t<\/h5>\n\t\t\t\t\t\t\t\t\t\t<div class=\"is-divider\"><\/div>\n\t\t\t\t\t\t\t\t\t\t<p class=\"from_the_blog_excerpt \">\n\t\t\t\t\t\tD\u01b0\u1edbi \u0111\u00e2y l\u00e0 b\u1ea3n [...]\t\t\t\t\t<\/p>\n\t\t\t\t\t                    \n\t\t\t\t\t\n\t\t\t\t\t\n\t\t\t\t\t<\/div>\n\t\t\t\t\t<\/div>\n\t\t\t\t\t\t\t\t\t<\/div>\n\t\t\t<\/div>\n\t\t<\/div><\/div>\n\t\t<\/div>\n\t\t\t\t\t<\/div>\n\n\t\n<\/div>\n\t\t<\/div>\n\n\t\t\n<style>\n#section_393777563 {\n  padding-top: 30px;\n  padding-bottom: 30px;\n}\n<\/style>\n\t<\/section>\n\t\n","protected":false},"excerpt":{"rendered":"","protected":false},"author":2,"featured_media":0,"parent":0,"menu_order":0,"comment_status":"closed","ping_status":"closed","template":"page-transparent-header.php","meta":{"footnotes":""},"class_list":["post-2701","page","type-page","status-publish","hentry"],"_links":{"self":[{"href":"https:\/\/yuragichayaquynhon.com\/ja\/wp-json\/wp\/v2\/pages\/2701","targetHints":{"allow":["GET"]}}],"collection":[{"href":"https:\/\/yuragichayaquynhon.com\/ja\/wp-json\/wp\/v2\/pages"}],"about":[{"href":"https:\/\/yuragichayaquynhon.com\/ja\/wp-json\/wp\/v2\/types\/page"}],"author":[{"embeddable":true,"href":"https:\/\/yuragichayaquynhon.com\/ja\/wp-json\/wp\/v2\/users\/2"}],"replies":[{"embeddable":true,"href":"https:\/\/yuragichayaquynhon.com\/ja\/wp-json\/wp\/v2\/comments?post=2701"}],"version-history":[{"count":6,"href":"https:\/\/yuragichayaquynhon.com\/ja\/wp-json\/wp\/v2\/pages\/2701\/revisions"}],"predecessor-version":[{"id":2707,"href":"https:\/\/yuragichayaquynhon.com\/ja\/wp-json\/wp\/v2\/pages\/2701\/revisions\/2707"}],"wp:attachment":[{"href":"https:\/\/yuragichayaquynhon.com\/ja\/wp-json\/wp\/v2\/media?parent=2701"}],"curies":[{"name":"wp","href":"https:\/\/api.w.org\/{rel}","templated":true}]}}